{"id":10,"date":"2017-04-22T11:20:10","date_gmt":"2017-04-22T11:20:10","guid":{"rendered":"https:\/\/ks-polica.si\/wordpress\/?page_id=10"},"modified":"2021-01-03T17:12:02","modified_gmt":"2021-01-03T16:12:02","slug":"ks-polica-danes-in-nekoc","status":"publish","type":"page","link":"https:\/\/ks-polica.si\/?page_id=10","title":{"rendered":"O KS Polica"},"content":{"rendered":"<p><strong><img loading=\"lazy\" class=\"alignnone wp-image-2774 size-full\" src=\"https:\/\/ks-polica.si\/wp-content\/uploads\/2018\/11\/KS-1.png\" alt=\"\" width=\"985\" height=\"517\" srcset=\"https:\/\/ks-polica.si\/wp-content\/uploads\/2018\/11\/KS-1.png 985w, https:\/\/ks-polica.si\/wp-content\/uploads\/2018\/11\/KS-1-300x157.png 300w, https:\/\/ks-polica.si\/wp-content\/uploads\/2018\/11\/KS-1-768x403.png 768w, https:\/\/ks-polica.si\/wp-content\/uploads\/2018\/11\/KS-1-696x365.png 696w, https:\/\/ks-polica.si\/wp-content\/uploads\/2018\/11\/KS-1-800x420.png 800w\" sizes=\"(max-width: 985px) 100vw, 985px\" \/><\/strong><\/p>\n<p><strong>Krajevna skupnost Polica je ustanovljena na obmo\u010dju naslednjih naselij:<\/strong><\/p>\n<ul>\n<li>Ble\u010dji Vrh<\/li>\n<li>Dobje<\/li>\n<li>Dole pri Polici<\/li>\n<li>Dolenja vas pri Polici<\/li>\n<li>Gorenja vas pri Polici<\/li>\n<li>Gradi\u0161\u010de<\/li>\n<li>Ko\u017eljevec<\/li>\n<li>Mala Stara vas<\/li>\n<li>Mali Konec<\/li>\n<li>Pe\u010d<\/li>\n<li>Polica<\/li>\n<li>Tro\u0161\u010dine<\/li>\n<li>Velika Stara vas in Zgornje Duplice<\/li>\n<\/ul>\n<p>Polica je naselje v ob\u010dini Grosuplje. Le\u017ei 463 m nad morjem na gri\u010devnati pokrajini ob severnem kraku avtoceste A2 (Ljubljana \u2013 Novo mesto). Avtocesta deli vas na dva dela: nad starim jedrom vasi je Hrib, kjer stoji cerkev sv. Jakoba, v zadnjih desetletjih pa je nastal na drugi strani avtoceste novej\u0161i del vasi.<\/p>\n<p><img loading=\"lazy\" class=\"aligncenter size-full wp-image-2105\" src=\"https:\/\/ks-polica.si\/wp-content\/uploads\/2017\/04\/KS.png\" alt=\"\" width=\"1404\" height=\"919\" srcset=\"https:\/\/ks-polica.si\/wp-content\/uploads\/2017\/04\/KS.png 1404w, https:\/\/ks-polica.si\/wp-content\/uploads\/2017\/04\/KS-300x196.png 300w, https:\/\/ks-polica.si\/wp-content\/uploads\/2017\/04\/KS-768x503.png 768w, https:\/\/ks-polica.si\/wp-content\/uploads\/2017\/04\/KS-1024x670.png 1024w, https:\/\/ks-polica.si\/wp-content\/uploads\/2017\/04\/KS-696x456.png 696w, https:\/\/ks-polica.si\/wp-content\/uploads\/2017\/04\/KS-741x486.png 741w, https:\/\/ks-polica.si\/wp-content\/uploads\/2017\/04\/KS-1068x699.png 1068w, https:\/\/ks-polica.si\/wp-content\/uploads\/2017\/04\/KS-642x420.png 642w\" sizes=\"(max-width: 1404px) 100vw, 1404px\" \/><\/p>\n<p>Polica je naselje v ob\u010dini Grosuplje. Le\u017ei 463 m nad morjem na gri\u010devnati pokrajini ob severnem kraku avtoceste A2 (Ljubljana &#8211; Novo mesto). Avtocesta deli vas na dva dela: nad starim jedrom vasi je Hrib, kjer stoji cerkev sv. Jakoba, v zadnjih desetletjih pa je nastal na drugi strani avtoceste novej\u0161i del vasi. Okolica Police je gri\u010devnata, doline in bregovi so pokriti z gozdovi, na polo\u017enih gri\u010dih se son\u010dijo vasice. Najbli\u017eje prometnim povezavam le\u017eijo Mala Stara vas (370 m nadmorske vi\u0161ine) in Velika Stara vas (380 m) ter Polica (463 m), bolj skrite so vasi Tro\u0161\u010dine (430 m), Ko\u017eljevec (440 m) in Ble\u010dji vrh (546 m).<\/p>\n<p><a href=\"https:\/\/ks-polica.si\/wp-content\/uploads\/2017\/04\/Logo-KS-Polica.pdf\" target=\"_blank\" rel=\"noopener noreferrer\"><img loading=\"lazy\" class=\"aligncenter size-full wp-image-2107\" src=\"https:\/\/ks-polica.si\/wp-content\/uploads\/2017\/04\/KS-1.png\" alt=\"\" width=\"867\" height=\"621\" srcset=\"https:\/\/ks-polica.si\/wp-content\/uploads\/2017\/04\/KS-1.png 867w, https:\/\/ks-polica.si\/wp-content\/uploads\/2017\/04\/KS-1-300x215.png 300w, https:\/\/ks-polica.si\/wp-content\/uploads\/2017\/04\/KS-1-768x550.png 768w, https:\/\/ks-polica.si\/wp-content\/uploads\/2017\/04\/KS-1-696x499.png 696w, https:\/\/ks-polica.si\/wp-content\/uploads\/2017\/04\/KS-1-586x420.png 586w\" sizes=\"(max-width: 867px) 100vw, 867px\" \/><\/a><\/p>\n<p>Polica je tudi glede na gospodarsko infrastrukturo dobro razvita, saj ima ve\u010dina vasi \u017ee opti\u010dno in telekomunikacijsko omre\u017eje, vodovod, elektri\u010dno omre\u017eje, dostopne ceste ipd.<img loading=\"lazy\" class=\"aligncenter wp-image-841\" src=\"https:\/\/ks-polica.si\/wp-content\/uploads\/2017\/04\/dobrodelnost-je-resitev.jpg\" alt=\"\" width=\"144\" height=\"144\" srcset=\"https:\/\/ks-polica.si\/wp-content\/uploads\/2017\/04\/dobrodelnost-je-resitev.jpg 337w, https:\/\/ks-polica.si\/wp-content\/uploads\/2017\/04\/dobrodelnost-je-resitev-150x150.jpg 150w, https:\/\/ks-polica.si\/wp-content\/uploads\/2017\/04\/dobrodelnost-je-resitev-300x300.jpg 300w\" sizes=\"(max-width: 144px) 100vw, 144px\" \/><\/p>\n<p>Krajevna skupnost Polica, pa tudi velik pomen daje dobrodelnosti na razli\u010dnih podro\u010djih. Tako smo dejavni pri podpiranju lokalnih dru\u0161tev in organizacij v na\u0161i skupnosti. Po svojih mo\u010deh pomagamo razli\u010dnim kulturnim dru\u0161tvom, krajevni organizaciji RK Grosuplje, PGD Polica, PO\u0160 Polica in drugim. Za to se bomo trudili \u0161e naprej, saj se zavedamo dobrodelnosti in dobrih dejanj.<\/p>\n<p><img loading=\"lazy\" class=\"aligncenter wp-image-52 size-full\" src=\"https:\/\/ks-polica.si\/wp-content\/uploads\/2017\/04\/cropped-banner.png\" alt=\"\" width=\"960\" height=\"192\" srcset=\"https:\/\/ks-polica.si\/wp-content\/uploads\/2017\/04\/cropped-banner.png 960w, https:\/\/ks-polica.si\/wp-content\/uploads\/2017\/04\/cropped-banner-300x60.png 300w, https:\/\/ks-polica.si\/wp-content\/uploads\/2017\/04\/cropped-banner-768x154.png 768w\" sizes=\"(max-width: 960px) 100vw, 960px\" \/><\/p>\n<p><a href=\"https:\/\/issuu.com\/grosuplje\/docs\/grosupeljski_odmevi_julij_posebna\" target=\"_blank\" rel=\"noopener noreferrer\">Potovanje ob\u010dine Grosuplje od leta 1995 do leta 2015<\/a><\/p>\n<p>Danes v vasi skoraj ni ve\u010d pravih kmetov, ve\u010dina prebivalcev se vozi na delo v Grosuplje in v Ljubljano. Vas premore nekaj obrtnih delavnic, prostovoljno gasilsko dru\u0161tvo, novo podru\u017eni\u010dno \u0161olo Polica, majhno trgovino, kme\u010dki turizem na Pe\u010di ipd.<\/p>\n<p><img loading=\"lazy\" class=\"aligncenter size-full wp-image-2118\" src=\"https:\/\/ks-polica.si\/wp-content\/uploads\/2017\/04\/KS-4.png\" alt=\"\" width=\"1415\" height=\"841\" srcset=\"https:\/\/ks-polica.si\/wp-content\/uploads\/2017\/04\/KS-4.png 1415w, https:\/\/ks-polica.si\/wp-content\/uploads\/2017\/04\/KS-4-300x178.png 300w, https:\/\/ks-polica.si\/wp-content\/uploads\/2017\/04\/KS-4-768x456.png 768w, https:\/\/ks-polica.si\/wp-content\/uploads\/2017\/04\/KS-4-1024x609.png 1024w, https:\/\/ks-polica.si\/wp-content\/uploads\/2017\/04\/KS-4-696x414.png 696w, https:\/\/ks-polica.si\/wp-content\/uploads\/2017\/04\/KS-4-1068x635.png 1068w, https:\/\/ks-polica.si\/wp-content\/uploads\/2017\/04\/KS-4-707x420.png 707w\" sizes=\"(max-width: 1415px) 100vw, 1415px\" \/><\/p>\n<p>Dosti krajanov je priseljenih. Polica je v listinah prvi\u010d omenjena leta 1301 v zvezi s sti\u0161kim samostanom in popolnoma jasno leta 1372 z omembo \u00bbad s. Jacobum in Pollitz\u00ab.<\/p>\n<p><img loading=\"lazy\" class=\"alignnone wp-image-319\" src=\"https:\/\/ks-polica.si\/wp-content\/uploads\/2017\/05\/polica_4-300x142.jpg\" alt=\"\" width=\"697\" height=\"330\" srcset=\"https:\/\/ks-polica.si\/wp-content\/uploads\/2017\/05\/polica_4-300x142.jpg 300w, https:\/\/ks-polica.si\/wp-content\/uploads\/2017\/05\/polica_4-768x363.jpg 768w, https:\/\/ks-polica.si\/wp-content\/uploads\/2017\/05\/polica_4.jpg 1024w, https:\/\/ks-polica.si\/wp-content\/uploads\/2017\/05\/polica_4-696x329.jpg 696w, https:\/\/ks-polica.si\/wp-content\/uploads\/2017\/05\/polica_4-889x420.jpg 889w\" sizes=\"(max-width: 697px) 100vw, 697px\" \/><\/p>\n<p>Bli\u017enja in daljna okolica Polica je bila poseljena v rimskih, del celo v predrimskih \u010dasih. Poselitev o\u017ejega poli\u0161kega prostora iz rimskih \u010dasov je evidentirana vsaj na treh krajih, ni pa \u0161e raziskana.<\/p>\n<p><a href=\"https:\/\/www.etno-muzej.si\/sl\/digitalne-zbirke\/lokacije\/polica\" target=\"_blank\" rel=\"noopener noreferrer\"><img loading=\"lazy\" class=\"aligncenter size-full wp-image-1210\" src=\"https:\/\/ks-polica.si\/wp-content\/uploads\/2017\/04\/hjhjhj.png\" alt=\"\" width=\"1018\" height=\"646\" srcset=\"https:\/\/ks-polica.si\/wp-content\/uploads\/2017\/04\/hjhjhj.png 1018w, https:\/\/ks-polica.si\/wp-content\/uploads\/2017\/04\/hjhjhj-300x190.png 300w, https:\/\/ks-polica.si\/wp-content\/uploads\/2017\/04\/hjhjhj-768x487.png 768w, https:\/\/ks-polica.si\/wp-content\/uploads\/2017\/04\/hjhjhj-696x442.png 696w, https:\/\/ks-polica.si\/wp-content\/uploads\/2017\/04\/hjhjhj-662x420.png 662w\" sizes=\"(max-width: 1018px) 100vw, 1018px\" \/><\/a><\/p>\n<p>Polica pri Vi\u0161nji Gori. Na razglednici Polica z vzhoda, Gostilna in trgovina Mo\u017eak. Med leti 1928 in 1947.\u00a0<span class=\"text_exposed_show\">Avtor: Vekoslav Kramari\u010d, Slovenski etnografski muzej.<\/span><\/p>\n<p><a href=\"https:\/\/www.etno-muzej.si\/sl\/digitalne-zbirke\/lokacije\/polica\" target=\"_blank\" rel=\"noopener noreferrer\"><img loading=\"lazy\" class=\"aligncenter size-full wp-image-1211\" src=\"https:\/\/ks-polica.si\/wp-content\/uploads\/2017\/04\/Untitled-3.png\" alt=\"\" width=\"1121\" height=\"720\" srcset=\"https:\/\/ks-polica.si\/wp-content\/uploads\/2017\/04\/Untitled-3.png 1121w, https:\/\/ks-polica.si\/wp-content\/uploads\/2017\/04\/Untitled-3-300x193.png 300w, https:\/\/ks-polica.si\/wp-content\/uploads\/2017\/04\/Untitled-3-768x493.png 768w, https:\/\/ks-polica.si\/wp-content\/uploads\/2017\/04\/Untitled-3-1024x658.png 1024w, https:\/\/ks-polica.si\/wp-content\/uploads\/2017\/04\/Untitled-3-696x447.png 696w, https:\/\/ks-polica.si\/wp-content\/uploads\/2017\/04\/Untitled-3-1068x686.png 1068w, https:\/\/ks-polica.si\/wp-content\/uploads\/2017\/04\/Untitled-3-654x420.png 654w\" sizes=\"(max-width: 1121px) 100vw, 1121px\" \/><\/a><\/p>\n<p>Polica pri Vi\u0161nji Gori. Med leti 1928 in 1947. Avtor: Vekoslav Kramari\u010d, Slovenski etnografski muzej<\/p>\n<p>Rimske izkopanine se pojavljajo skoraj v vsaki vasi. V \u0160marju so na\u0161li v bli\u017eini cerkve, pa tudi drugod vrsto grobov, Rimljani so bili navzo\u010di v Grosuplju, Vi\u0161nji gori, v Sti\u010dni, v \u0160t. Vidu. \u017divljenje v tem \u010dasu pa se je razvilo tudi izven dolinskega sveta: na Pristavi, na Ilovi gori, na Ble\u010djem vrhu, na Polici, v \u017dalni, nadalje v Zgornjih Duplicah in v Veliki Stari vasi.<\/p>\n<p><img loading=\"lazy\" class=\"aligncenter wp-image-230 size-full\" src=\"https:\/\/ks-polica.si\/wp-content\/uploads\/2017\/04\/3.jpg\" alt=\"\" width=\"960\" height=\"720\" srcset=\"https:\/\/ks-polica.si\/wp-content\/uploads\/2017\/04\/3.jpg 960w, https:\/\/ks-polica.si\/wp-content\/uploads\/2017\/04\/3-300x225.jpg 300w, https:\/\/ks-polica.si\/wp-content\/uploads\/2017\/04\/3-768x576.jpg 768w, https:\/\/ks-polica.si\/wp-content\/uploads\/2017\/04\/3-80x60.jpg 80w, https:\/\/ks-polica.si\/wp-content\/uploads\/2017\/04\/3-265x198.jpg 265w, https:\/\/ks-polica.si\/wp-content\/uploads\/2017\/04\/3-696x522.jpg 696w, https:\/\/ks-polica.si\/wp-content\/uploads\/2017\/04\/3-560x420.jpg 560w\" sizes=\"(max-width: 960px) 100vw, 960px\" \/><\/p>\n<p>V neposredni bli\u017eini Police so na gri\u010du ob de\u017eelni cesti Polica &#8211; Stara vas dobro vidni ostanki predrimske utrdbe. Bli\u017enji zaselek se \u0161e danes imenuje Gradi\u0161\u010de in je oddaljen manj kot 500 m od \u017eupnijske cerkve. Utrdbo so pozneje uporabljali Rimljani, saj je tekla v dolini pod gri\u010dem pomembna cestna poveza, ki je vodila iz Ogleja (Aquileia) preko Ljubljane (Emona) in Vi\u0161nje gore naprej do Siska (Siscia).<\/p>\n<p>Z utrdbe na gri\u010du pa je bilo mogo\u010de zelo dobro varovanje te cestne povezave. Za \u010dasa tur\u0161kih vpadov so okoli\u010dani utrdbo preuredili v tabor, \u010digar ostanki so ohranjeni. Po koncu tur\u0161kih vpadov so Poli\u010dani uporabili kamenje tega utrjenega tabora za gradnjo nove cerkve v svoji vasi.<\/p>\n<p><img src=\"https:\/\/i.ytimg.com\/vi\/gx3frlzJkaQ\/maxresdefault.jpg\" alt=\"Rezultat iskanja slik za polica grosuplje\" \/><\/p>\n<p>Pokrajina okrog Police je bila zelo primerna za poselitev \u017ee v starem veku, vas sama pa le\u017ei preblizu omenjene cestne povezave med Padsko in Panonsko ni\u017eino, kar je bil verjetno glavni vzrok, da je bila poseljena pozneje, kot pa okoli\u0161ki in malo bolj skriti kraji. Bli\u017enji okoli\u010dani so poselili Polico v ve\u010dji meri najpozneje potem, ko so prenehali ma\u0111arski vpadi v rodovitno Padsko ni\u017eino. Ti, \u0161e poganski nomadi so namre\u010d v letih 898 do 955 okrog tridesetkrat pre\u0161li ozemlje sedanje Slovenije, kajpak po \u017ee omenjeni cestni povezavi.<\/p>\n<p><img loading=\"lazy\" class=\"aligncenter wp-image-346 size-full\" src=\"https:\/\/ks-polica.si\/wp-content\/uploads\/2017\/04\/travnik-1.jpg\" alt=\"\" width=\"960\" height=\"720\" srcset=\"https:\/\/ks-polica.si\/wp-content\/uploads\/2017\/04\/travnik-1.jpg 960w, https:\/\/ks-polica.si\/wp-content\/uploads\/2017\/04\/travnik-1-300x225.jpg 300w, https:\/\/ks-polica.si\/wp-content\/uploads\/2017\/04\/travnik-1-768x576.jpg 768w, https:\/\/ks-polica.si\/wp-content\/uploads\/2017\/04\/travnik-1-80x60.jpg 80w, https:\/\/ks-polica.si\/wp-content\/uploads\/2017\/04\/travnik-1-265x198.jpg 265w, https:\/\/ks-polica.si\/wp-content\/uploads\/2017\/04\/travnik-1-696x522.jpg 696w, https:\/\/ks-polica.si\/wp-content\/uploads\/2017\/04\/travnik-1-560x420.jpg 560w\" sizes=\"(max-width: 960px) 100vw, 960px\" \/><\/p>\n<p>Polica je postala verjetno zaselek nekaj hi\u0161 okrog let 950 do 1000, potem ko so prenehali mad\u017earski vpadi, nastala je torej v \u010dasu, ko so bili pisani Bri\u017einski spomeniki. Poli\u010dani in okoli\u010dani molitvenih obrazcev niso ve\u010d potrebovali, bili so zelo verjetno \u017ee kakih 100 let kristjani, nih\u010de pa jih ni oviral, da ne bi vsaj \u0161e delno \u017eiveli po svojih starih \u0161egah in navadah. Polica je imela ugodno lego, ki je privabljala posameznike, da so se naseljevali kot posledica naravnega prirastka prebivalstva.<\/p>\n<p>Kmalu po nastanku zaselka se je tudi v teh krajih za\u010del mo\u010dneje uveljavljati novi, fevdalni red. Polica je postala hubna vas, Poli\u010dani in okoli\u010dani pa po uvedbi fevdalnega reda podlo\u017eniki razli\u010dnim zemlji\u0161kim gospodom. Uvedeno je bilo triletno kolobarjenje namesto starega po\u017eigalni\u0161tva, v 11. stoletju sta se uveljavila \u017eelezni plug, ki je zemljo obra\u010dal, namesto lesenega rala, ki je zemljo predvsem rahljal, in kosa namesto manj priro\u010dnega srpa.<\/p>\n<p><img loading=\"lazy\" class=\"aligncenter wp-image-229 size-full\" src=\"https:\/\/ks-polica.si\/wp-content\/uploads\/2017\/04\/2-1.jpg\" alt=\"\" width=\"960\" height=\"720\" srcset=\"https:\/\/ks-polica.si\/wp-content\/uploads\/2017\/04\/2-1.jpg 960w, https:\/\/ks-polica.si\/wp-content\/uploads\/2017\/04\/2-1-300x225.jpg 300w, https:\/\/ks-polica.si\/wp-content\/uploads\/2017\/04\/2-1-768x576.jpg 768w, https:\/\/ks-polica.si\/wp-content\/uploads\/2017\/04\/2-1-80x60.jpg 80w, https:\/\/ks-polica.si\/wp-content\/uploads\/2017\/04\/2-1-265x198.jpg 265w, https:\/\/ks-polica.si\/wp-content\/uploads\/2017\/04\/2-1-696x522.jpg 696w, https:\/\/ks-polica.si\/wp-content\/uploads\/2017\/04\/2-1-560x420.jpg 560w\" sizes=\"(max-width: 960px) 100vw, 960px\" \/><\/p>\n<p>Polica z okolico je bila v glavnem poseljena do leta 1500, v sti\u0161kih urbarjih izkazuje vas v tem \u010dasu 13 kmetij, v naslednjih stoletjih se je zaselek \u0161iril in dosegel okrog leta 1800 26 hi\u0161nih \u0161tevilk, od katerih pa so bile nekatere \u017ee kaj\u017ee, leta 2006 pa je imela Polica pribli\u017eno 150 hi\u0161nih \u0161tevilk. Ve\u010dina kmetij je bila dolga stoletja podlo\u017ena sti\u0161ki opatiji, nekatere zemlji\u0161kemu gospodu gra\u0161\u010dine Bo\u0161tanj (Weissenstein), ki je bil med podlo\u017eniki na hudo slabem glasu, ostanek pra\u017eupniji \u0160marje.<\/p>\n<p>Na poselitvenem prostoru Police v preteklosti ni bilo slovanskih kosezov in drugih svobodnjakov, poznej\u0161e \u017eupnijske mati\u010dne knjige ne govorijo o bogatih kmetih. Vsi so bili podlo\u017eniki.<\/p>\n<p><iframe title=\"Polica pri Grosupljem z okolico v nizkem letu - DJI Phantom 3 profesional\" width=\"640\" height=\"360\" src=\"https:\/\/www.youtube.com\/embed\/gx3frlzJkaQ?feature=oembed\" frameborder=\"0\" allow=\"accelerometer; autoplay; clipboard-write; encrypted-media; gyroscope; picture-in-picture\" allowfullscreen><\/iframe><\/p>\n<p><strong><img loading=\"lazy\" class=\"aligncenter wp-image-524 size-full\" src=\"https:\/\/ks-polica.si\/wp-content\/uploads\/2017\/04\/KLKL-3.png\" alt=\"\" width=\"573\" height=\"781\" srcset=\"https:\/\/ks-polica.si\/wp-content\/uploads\/2017\/04\/KLKL-3.png 573w, https:\/\/ks-polica.si\/wp-content\/uploads\/2017\/04\/KLKL-3-220x300.png 220w, https:\/\/ks-polica.si\/wp-content\/uploads\/2017\/04\/KLKL-3-308x420.png 308w\" sizes=\"(max-width: 573px) 100vw, 573px\" \/><\/strong><\/p>\n<p><strong>Viri:<\/strong><\/p>\n<ul>\n<li>Bogo Grafenauer: Zgodovina slovenskega naroda, 2. del, zal. Kme\u010dka knjiga, Ljubljana, 1955.<\/li>\n<li>Jo\u017ee M. Grebenc: Gospodarska ustanovitev Sti\u010dne ali njena dotacija leta 1135, zal. Samostan Sti\u010dna, 1973.<\/li>\n<li>Metod Miku\u017e: Topografija sti\u0161ke zemlje, doneski k zgodovini sti\u0161ke opatije; doktorska disertacija, Ljubljana, 1946 (94 strani), COBISS.<\/li>\n<li>Stane Miku\u017e: Umetnostnozgodovinska topografija grosupeljske krajine, zal. Zavod SR Slovenije za spomeni\u0161ko varstvo, Ljubljana, 1978.<\/li>\n<li>PISO &#8211; Prostorski informacijski sistem ob\u010din.<\/li>\n<\/ul>\n\n<ul class=\"wp-block-latest-posts__list is-grid columns-3 wp-block-latest-posts\"><li><a href=\"https:\/\/ks-polica.si\/?p=4760\">\u010cISTILNA AKCIJA 2026 \u2013 sobota 11. april<\/a><\/li>\n<li><a href=\"https:\/\/ks-polica.si\/?p=4756\">Sre\u010dno 2026<\/a><\/li>\n<li><a href=\"https:\/\/ks-polica.si\/?p=4752\">Ma\u0161a za domovino, petek 26.12.2025<\/a><\/li>\n<li><a href=\"https:\/\/ks-polica.si\/?p=4747\">Skupaj za bolj\u0161e zdravje v ob\u010dini Grosuplje &#8211; KS Polica, 28.11.2025<\/a><\/li>\n<li><a href=\"https:\/\/ks-polica.si\/?p=4744\">\u010cISTILNA AKCIJA 2025 &#8211; sobota 5. april<\/a><\/li>\n<\/ul>","protected":false},"excerpt":{"rendered":"<p>Krajevna skupnost Polica je ustanovljena na obmo\u010dju naslednjih naselij: Ble\u010dji Vrh Dobje Dole pri Polici Dolenja vas pri Polici Gorenja vas pri Polici Gradi\u0161\u010de Ko\u017eljevec Mala Stara vas Mali Konec Pe\u010d Polica Tro\u0161\u010dine Velika Stara vas in Zgornje Duplice Polica je naselje v ob\u010dini Grosuplje. Le\u017ei 463 m nad morjem na gri\u010devnati pokrajini ob severnem [&hellip;]<\/p>\n","protected":false},"author":1,"featured_media":0,"parent":0,"menu_order":0,"comment_status":"closed","ping_status":"closed","template":"","meta":[],"_links":{"self":[{"href":"https:\/\/ks-polica.si\/index.php?rest_route=\/wp\/v2\/pages\/10"}],"collection":[{"href":"https:\/\/ks-polica.si\/index.php?rest_route=\/wp\/v2\/pages"}],"about":[{"href":"https:\/\/ks-polica.si\/index.php?rest_route=\/wp\/v2\/types\/page"}],"author":[{"embeddable":true,"href":"https:\/\/ks-polica.si\/index.php?rest_route=\/wp\/v2\/users\/1"}],"replies":[{"embeddable":true,"href":"https:\/\/ks-polica.si\/index.php?rest_route=%2Fwp%2Fv2%2Fcomments&post=10"}],"version-history":[{"count":56,"href":"https:\/\/ks-polica.si\/index.php?rest_route=\/wp\/v2\/pages\/10\/revisions"}],"predecessor-version":[{"id":4544,"href":"https:\/\/ks-polica.si\/index.php?rest_route=\/wp\/v2\/pages\/10\/revisions\/4544"}],"wp:attachment":[{"href":"https:\/\/ks-polica.si\/index.php?rest_route=%2Fwp%2Fv2%2Fmedia&parent=10"}],"curies":[{"name":"wp","href":"https:\/\/api.w.org\/{rel}","templated":true}]}}